{"id":27633,"date":"2026-03-28T12:38:11","date_gmt":"2026-03-28T10:38:11","guid":{"rendered":"https:\/\/katiangeli.com\/creme-brulee-medium-baguette-bag\/"},"modified":"2026-03-28T12:38:11","modified_gmt":"2026-03-28T10:38:11","slug":"creme-brulee-medium-baguette-bag","status":"publish","type":"product","link":"https:\/\/katiangeli.com\/en\/creme-brulee-medium-baguette-bag\/","title":{"rendered":"Cr\u00e8me Br\u00fbl\u00e9e Medium Baguette Bag"},"content":{"rendered":"<h6>Cr\u00e8me Br\u00fbl\u00e9e Medium Baguette Bag<\/h6>\n<p>A bag crafted from two materials: matte beige faux leather and nude and ecru faux leather with an embossed snakeskin effect. The Cr\u00e8me Br\u00fbl\u00e9e Medium Baguette Bag features two pockets, a beige lining, and a zipper closure.  It comes with a 4 cm wide beige strap. which is adjustable and detachable, and the bag can be worn both crossbody and on the shoulder. It also has a 0.5 cm long chain that is suitable for wearing on the shoulder but also has decorative use.  The medium baguette bag measures 26 cm in height, 40 cm  length, and 10 cm width at the base. All our products are handmade in our Thessaloniki atelier, with attention to detail and respect for our customers and the environment. In the category <a href=\"https:\/\/katiangeli.com\/en\/baguette-bags\/medium-baguette-bags\/\">https:\/\/katiangeli.com\/baguette-bags\/medium-baguette-bags\/<\/a><a href=\"https:\/\/katiangeli.com\/en\/accessories\/charm-banana-bags\/\">  <\/a>you can find other designs.<\/p>\n","protected":false},"excerpt":{"rendered":"<ul>\n<li>A bag crafted from two materials: matte beige faux leather and nude and ecru faux leather with an embossed snakeskin effect.<\/li>\n<li>The Cr\u00e8me Br\u00fbl\u00e9e Medium Baguette Bag features two pockets, a beige lining, and a zipper closure.<\/li>\n<li>It comes with a 4 cm wide beige strap. which is adjustable and detachable, and the bag can be worn both crossbody and on the shoulder.<\/li>\n<li>It also has a 0.5 cm long chain that is suitable for wearing on the shoulder but also has decorative use. <\/li>\n<li>The medium baguette bag measures 26 cm in height, 40 cm  length, and 10 cm width at the base.<\/li>\n<li>All our products are handmade in our Thessaloniki atelier, with attention to detail and respect for our customers and the environment.<\/li>\n<\/ul>\n","protected":false},"featured_media":26458,"template":"","meta":{"_acf_changed":false,"inline_featured_image":false},"product_cat":[356,357],"product_tag":[],"class_list":{"0":"post-27633","1":"product","2":"type-product","3":"status-publish","4":"has-post-thumbnail","6":"product_cat-baguette-bags","7":"product_cat-medium-baguette-bags","8":"pa_bag-color-beige","10":"first","11":"instock","12":"taxable","13":"shipping-taxable","14":"purchasable","15":"product-type-simple"},"composite_virtual":false,"composite_layout":"","composite_add_to_cart_form_location":"","composite_editable_in_cart":false,"composite_sold_individually_context":"","composite_shop_price_calc":"","composite_components":[],"composite_scenarios":[],"bundled_by":[],"bundle_stock_status":"instock","bundle_stock_quantity":null,"bundle_virtual":false,"bundle_layout":"","bundle_add_to_cart_form_location":"","bundle_editable_in_cart":false,"bundle_sold_individually_context":"","bundle_item_grouping":"","bundle_min_size":"","bundle_max_size":"","bundle_price":[],"bundled_items":[],"bundle_sell_ids":[],"acf":[],"_links":{"self":[{"href":"https:\/\/katiangeli.com\/en\/wp-json\/wp\/v2\/product\/27633","targetHints":{"allow":["GET"]}}],"collection":[{"href":"https:\/\/katiangeli.com\/en\/wp-json\/wp\/v2\/product"}],"about":[{"href":"https:\/\/katiangeli.com\/en\/wp-json\/wp\/v2\/types\/product"}],"wp:featuredmedia":[{"embeddable":true,"href":"https:\/\/katiangeli.com\/en\/wp-json\/wp\/v2\/media\/26458"}],"wp:attachment":[{"href":"https:\/\/katiangeli.com\/en\/wp-json\/wp\/v2\/media?parent=27633"}],"wp:term":[{"taxonomy":"product_cat","embeddable":true,"href":"https:\/\/katiangeli.com\/en\/wp-json\/wp\/v2\/product_cat?post=27633"},{"taxonomy":"product_tag","embeddable":true,"href":"https:\/\/katiangeli.com\/en\/wp-json\/wp\/v2\/product_tag?post=27633"}],"curies":[{"name":"wp","href":"https:\/\/api.w.org\/{rel}","templated":true}]}}