{"id":28024,"date":"2026-03-28T12:44:07","date_gmt":"2026-03-28T10:44:07","guid":{"rendered":"https:\/\/katiangeli.com\/creme-brulee-large-banana-bag\/"},"modified":"2026-03-28T12:44:07","modified_gmt":"2026-03-28T10:44:07","slug":"creme-brulee-large-banana-bag","status":"publish","type":"product","link":"https:\/\/katiangeli.com\/en\/creme-brulee-large-banana-bag\/","title":{"rendered":"Cr\u00e8me Br\u00fbl\u00e9e Large Banana Bag"},"content":{"rendered":"<h6>Cr\u00e8me Br\u00fbl\u00e9e Large Banana Bag<\/h6>\n<p>This banana bag is crafted from two materials: nude and ecru faux leather with an embossed snakeskin effect, and matte beige faux leather. The Cr\u00e8me Br\u00fbl\u00e9e Large Banana Bag features two internal pockets and a beige lining.  It comes with a 4 cm wide beige strap. which is adjustable and detachable. The large size has a 40 cm zipper with a 24 cm height. All our products are handmade in our Thessaloniki atelier, with attention to detail and respect for our customers and the environment. In the category <a href=\"https:\/\/katiangeli.com\/en\/banana-bags\/large-banana-bags\/\">https:\/\/katiangeli.com\/banana-bags\/large-banana-bags\/<\/a>, you can find other designs.<\/p>\n","protected":false},"excerpt":{"rendered":"<ul>\n<li>This banana bag is crafted from two materials: nude and ecru faux leather with an embossed snakeskin effect, and matte beige faux leather.<\/li>\n<li>The Cr\u00e8me Br\u00fbl\u00e9e Large Banana Bag features two internal pockets and a beige lining.<\/li>\n<li>It comes with a 4 cm wide beige strap. which is adjustable and detachable.<\/li>\n<li>The large size has a 40 cm zipper with a 24 cm height.<\/li>\n<li>All our products are handmade in our Thessaloniki atelier, with attention to detail and respect for our customers and the environment.<\/li>\n<\/ul>\n","protected":false},"featured_media":26074,"template":"","meta":{"_acf_changed":false,"inline_featured_image":false},"product_cat":[361,362],"product_tag":[],"class_list":{"0":"post-28024","1":"product","2":"type-product","3":"status-publish","4":"has-post-thumbnail","6":"product_cat-banana-bags","7":"product_cat-large-banana-bags","8":"pa_bag-color-beige","10":"first","11":"instock","12":"taxable","13":"shipping-taxable","14":"purchasable","15":"product-type-simple"},"bundled_by":[],"bundle_stock_status":"instock","bundle_stock_quantity":null,"bundle_virtual":false,"bundle_layout":"","bundle_add_to_cart_form_location":"","bundle_editable_in_cart":false,"bundle_sold_individually_context":"","bundle_item_grouping":"","bundle_min_size":"","bundle_max_size":"","bundle_price":[],"bundled_items":[],"bundle_sell_ids":[],"acf":[],"_links":{"self":[{"href":"https:\/\/katiangeli.com\/en\/wp-json\/wp\/v2\/product\/28024","targetHints":{"allow":["GET"]}}],"collection":[{"href":"https:\/\/katiangeli.com\/en\/wp-json\/wp\/v2\/product"}],"about":[{"href":"https:\/\/katiangeli.com\/en\/wp-json\/wp\/v2\/types\/product"}],"wp:featuredmedia":[{"embeddable":true,"href":"https:\/\/katiangeli.com\/en\/wp-json\/wp\/v2\/media\/26074"}],"wp:attachment":[{"href":"https:\/\/katiangeli.com\/en\/wp-json\/wp\/v2\/media?parent=28024"}],"wp:term":[{"taxonomy":"product_cat","embeddable":true,"href":"https:\/\/katiangeli.com\/en\/wp-json\/wp\/v2\/product_cat?post=28024"},{"taxonomy":"product_tag","embeddable":true,"href":"https:\/\/katiangeli.com\/en\/wp-json\/wp\/v2\/product_tag?post=28024"}],"curies":[{"name":"wp","href":"https:\/\/api.w.org\/{rel}","templated":true}]}}