{"id":28443,"date":"2026-03-28T12:49:32","date_gmt":"2026-03-28T10:49:32","guid":{"rendered":"https:\/\/katiangeli.com\/creme-brulee-clutch\/"},"modified":"2026-03-28T12:49:32","modified_gmt":"2026-03-28T10:49:32","slug":"creme-brulee-clutch","status":"publish","type":"product","link":"https:\/\/katiangeli.com\/en\/creme-brulee-clutch\/","title":{"rendered":"Cr\u00e8me Br\u00fbl\u00e9e Clutch"},"content":{"rendered":"<h6>Cr\u00e8me Br\u00fbl\u00e9e Clutch<\/h6>\n<p>A clutch made from nude and ecru faux leather with an embossed snakeskin effect. The Cr\u00e8me Br\u00fbl\u00e9e Clutch can be worn on both sides, and its two zippers are equally functional. The chain is 15 cm long, detachable, and suitable for wearing around the wrist.    Inside, it has a beige lining. All our products are handmade in our Thessaloniki workshop, with attention to detail and respect for our customers and the environment. <span style=\"font-size: 0.875rem\">You can find more designs in the <a href=\"https:\/\/katiangeli.com\/en\/small-bags\/clutches-with-zippers\/\">https:\/\/katiangeli.com\/mini-bags\/large-clutches\/<\/a> <\/span><span style=\"font-size: 0.875rem\">category.<\/span><\/p>\n","protected":false},"excerpt":{"rendered":"<ul>\n<li>Clutch made from nude and ecru faux leather with an embossed snakeskin effect.<\/li>\n<li>The Cr\u00e8me Br\u00fbl\u00e9e Clutch can be worn on both sides, and its two zippers are equally functional.<\/li>\n<li>The chain is 15 cm long, detachable, and suitable for wearing around the wrist. <\/li>\n<li>Inside, it has a beige lining.<\/li>\n<li>All our products are made in our Thessaloniki atelier, with a focus on detail and respect for our customers and the environment.<\/li>\n<\/ul>\n","protected":false},"featured_media":26490,"template":"","meta":{"_acf_changed":false,"inline_featured_image":false},"product_cat":[374,373],"product_tag":[],"class_list":{"0":"post-28443","1":"product","2":"type-product","3":"status-publish","4":"has-post-thumbnail","6":"product_cat-clutches-with-zippers","7":"product_cat-small-bags","8":"pa_bag-color-beige","10":"first","11":"instock","12":"taxable","13":"shipping-taxable","14":"purchasable","15":"product-type-simple"},"bundled_by":[],"bundle_stock_status":"instock","bundle_stock_quantity":null,"bundle_virtual":false,"bundle_layout":"","bundle_add_to_cart_form_location":"","bundle_editable_in_cart":false,"bundle_sold_individually_context":"","bundle_item_grouping":"","bundle_min_size":"","bundle_max_size":"","bundle_price":[],"bundled_items":[],"bundle_sell_ids":[],"acf":[],"_links":{"self":[{"href":"https:\/\/katiangeli.com\/en\/wp-json\/wp\/v2\/product\/28443","targetHints":{"allow":["GET"]}}],"collection":[{"href":"https:\/\/katiangeli.com\/en\/wp-json\/wp\/v2\/product"}],"about":[{"href":"https:\/\/katiangeli.com\/en\/wp-json\/wp\/v2\/types\/product"}],"wp:featuredmedia":[{"embeddable":true,"href":"https:\/\/katiangeli.com\/en\/wp-json\/wp\/v2\/media\/26490"}],"wp:attachment":[{"href":"https:\/\/katiangeli.com\/en\/wp-json\/wp\/v2\/media?parent=28443"}],"wp:term":[{"taxonomy":"product_cat","embeddable":true,"href":"https:\/\/katiangeli.com\/en\/wp-json\/wp\/v2\/product_cat?post=28443"},{"taxonomy":"product_tag","embeddable":true,"href":"https:\/\/katiangeli.com\/en\/wp-json\/wp\/v2\/product_tag?post=28443"}],"curies":[{"name":"wp","href":"https:\/\/api.w.org\/{rel}","templated":true}]}}